{"id":4,"date":"2021-10-27T14:02:23","date_gmt":"2021-10-27T14:02:23","guid":{"rendered":"https:\/\/aquazept.de\/?page_id=4"},"modified":"2021-10-28T15:27:23","modified_gmt":"2021-10-28T15:27:23","slug":"willkommen-auf-https-aquazept-de","status":"publish","type":"page","link":"https:\/\/aquazept.de\/","title":{"rendered":"Aquazept"},"content":{"rendered":"\n<p class=\"has-large-font-size\"><strong>Ahoi liebe Wasserfreunde!<\/strong><\/p>\n\n\n\n<p>Der&nbsp;<strong>Schwimmpass<\/strong>&nbsp;geh\u00f6rt, zusammen mit dem&nbsp;<strong>Schwimmabzeichen<\/strong>, zum Must-Have einer erfolgreichen&nbsp;<strong>Schwimmpr\u00fcfung<\/strong>.&nbsp;<\/p>\n\n\n\n<p>Bei uns im Programm finden Sie die <strong>neuen<\/strong> Deutschen Schwimmp\u00e4sse und Seepferdchenzeugnisse.<\/p>\n\n\n\n<p>Zudem bieten wir Ihnen Deutsche Schwimmabzeichen, Schwimmp\u00e4sse sowie Fr\u00fchschwimmerzeugnisse und Urkunden f\u00fcr besondere Leistungen. <\/p>\n\n\n\n<p><\/p>\n\n\n\n<p class=\"has-small-font-size\">Ab dem 1.1.2020 neue Pr\u00fcfungsordnung f\u00fcr Seepferdchen, Bronze, Silber, Gold<\/p>\n\n\n\n<p class=\"has-small-font-size\"><\/p>\n","protected":false},"excerpt":{"rendered":"<p>Ahoi liebe Wasserfreunde! Der&nbsp;Schwimmpass&nbsp;geh\u00f6rt, zusammen mit dem&nbsp;Schwimmabzeichen, zum Must-Have einer erfolgreichen&nbsp;Schwimmpr\u00fcfung.&nbsp; Bei uns im Programm finden Sie die neuen Deutschen Schwimmp\u00e4sse und Seepferdchenzeugnisse. Zudem bieten wir Ihnen Deutsche Schwimmabzeichen, Schwimmp\u00e4sse sowie Fr\u00fchschwimmerzeugnisse und Urkunden f\u00fcr besondere Leistungen. Ab dem 1.1.2020 neue Pr\u00fcfungsordnung f\u00fcr Seepferdchen, Bronze, Silber, Gold<\/p>\n","protected":false},"author":1,"featured_media":0,"parent":0,"menu_order":0,"comment_status":"closed","ping_status":"open","template":"","meta":{"footnotes":""},"class_list":["post-4","page","type-page","status-publish","hentry"],"_links":{"self":[{"href":"https:\/\/aquazept.de\/index.php?rest_route=\/wp\/v2\/pages\/4","targetHints":{"allow":["GET"]}}],"collection":[{"href":"https:\/\/aquazept.de\/index.php?rest_route=\/wp\/v2\/pages"}],"about":[{"href":"https:\/\/aquazept.de\/index.php?rest_route=\/wp\/v2\/types\/page"}],"author":[{"embeddable":true,"href":"https:\/\/aquazept.de\/index.php?rest_route=\/wp\/v2\/users\/1"}],"replies":[{"embeddable":true,"href":"https:\/\/aquazept.de\/index.php?rest_route=%2Fwp%2Fv2%2Fcomments&post=4"}],"version-history":[{"count":8,"href":"https:\/\/aquazept.de\/index.php?rest_route=\/wp\/v2\/pages\/4\/revisions"}],"predecessor-version":[{"id":124,"href":"https:\/\/aquazept.de\/index.php?rest_route=\/wp\/v2\/pages\/4\/revisions\/124"}],"wp:attachment":[{"href":"https:\/\/aquazept.de\/index.php?rest_route=%2Fwp%2Fv2%2Fmedia&parent=4"}],"curies":[{"name":"wp","href":"https:\/\/api.w.org\/{rel}","templated":true}]}}