{"id":18,"date":"2021-10-27T14:46:31","date_gmt":"2021-10-27T14:46:31","guid":{"rendered":"https:\/\/aquazept.de\/?page_id=18"},"modified":"2021-10-27T18:25:11","modified_gmt":"2021-10-27T18:25:11","slug":"abzeichen","status":"publish","type":"page","link":"https:\/\/aquazept.de\/?page_id=18","title":{"rendered":"Abzeichen"},"content":{"rendered":"\n<p>Ab dem 1.1.2020 neue Pr\u00fcfungsordnung f\u00fcr Seepferdchen, Bronze, Silber, Gold<\/p>\n\n\n\n<p>Auf der Kultusministerkonferenz der L\u00e4nder wurden einige Neuerungen im Bezug auf die\u00a0Deutsche Pr\u00fcfungsordnung Schwimmen\u00a0verabschiedet, die am 1. Januar 2020 in Kraft getreten sind.<\/p>\n\n\n\n<p><\/p>\n\n\n\n<div class=\"wp-block-group\"><div class=\"wp-block-group__inner-container is-layout-flow wp-block-group-is-layout-flow\">\n<div class=\"wp-block-group\"><div class=\"wp-block-group__inner-container is-layout-flow wp-block-group-is-layout-flow\">\n<figure class=\"wp-block-table\"><table><tbody><tr><td><strong>Seepferdchen<\/strong><img loading=\"lazy\" decoding=\"async\" width=\"150\" height=\"150\" class=\"wp-image-32\" style=\"width: 150px;\" src=\"https:\/\/aquazept.de\/wp-content\/uploads\/2021\/10\/1024px-Seepferd.svg_-1.png\" alt=\"\" srcset=\"https:\/\/aquazept.de\/wp-content\/uploads\/2021\/10\/1024px-Seepferd.svg_-1.png 1024w, https:\/\/aquazept.de\/wp-content\/uploads\/2021\/10\/1024px-Seepferd.svg_-1-300x300.png 300w, https:\/\/aquazept.de\/wp-content\/uploads\/2021\/10\/1024px-Seepferd.svg_-1-150x150.png 150w, https:\/\/aquazept.de\/wp-content\/uploads\/2021\/10\/1024px-Seepferd.svg_-1-768x768.png 768w, https:\/\/aquazept.de\/wp-content\/uploads\/2021\/10\/1024px-Seepferd.svg_-1-600x600.png 600w, https:\/\/aquazept.de\/wp-content\/uploads\/2021\/10\/1024px-Seepferd.svg_-1-100x100.png 100w\" sizes=\"auto, (max-width: 150px) 100vw, 150px\" \/><strong> <\/strong><\/td><td class=\"has-text-align-left\" data-align=\"left\">\u2022Sprung vom Beckenrand mit anschlie\u00dfendem 25 m Schwimmen in einer Schwimmart in Bauch- oder R\u00fcckenlage (Grobform, w\u00e4hrend des Schwimmens in Bauchlage erkennbar ins Wasser ausatmen)<br>\u2022&nbsp;Heraufholen eines Gegenstandes mit den H\u00e4nden aus schultertiefem Wasser (Schultertiefe bezogen auf den Pr\u00fcfling)<br>\u2022Kenntnis von Baderegeln<\/td><td><img loading=\"lazy\" decoding=\"async\" width=\"150\" height=\"215\" class=\"wp-image-93\" style=\"width: 150px;\" src=\"https:\/\/aquazept.de\/wp-content\/uploads\/2021\/10\/seepferdchen-Urkunde_1_ml.jpg\" alt=\"\" srcset=\"https:\/\/aquazept.de\/wp-content\/uploads\/2021\/10\/seepferdchen-Urkunde_1_ml.jpg 698w, https:\/\/aquazept.de\/wp-content\/uploads\/2021\/10\/seepferdchen-Urkunde_1_ml-209x300.jpg 209w, https:\/\/aquazept.de\/wp-content\/uploads\/2021\/10\/seepferdchen-Urkunde_1_ml-600x860.jpg 600w\" sizes=\"auto, (max-width: 150px) 100vw, 150px\" \/><\/td><\/tr><tr><td><strong>Seer\u00e4uber<\/strong><img loading=\"lazy\" decoding=\"async\" width=\"150\" height=\"145\" class=\"wp-image-33\" style=\"width: 150px;\" src=\"https:\/\/aquazept.de\/wp-content\/uploads\/2021\/10\/Unknown.png\" alt=\"\"><\/td><td class=\"has-text-align-left\" data-align=\"left\">\u2022100 m technikgerechtes Brustschwimmen<br>\u20225 m Streckentauchen mit anschlie\u00dfendem Herausholen eines Gegenstandes aus mindestens 1 m Wassertiefe<\/td><td><img loading=\"lazy\" decoding=\"async\" width=\"700\" height=\"700\" class=\"wp-image-92\" style=\"width: 700px;\" src=\"https:\/\/aquazept.de\/wp-content\/uploads\/2021\/10\/141-5227.webp\" alt=\"\" srcset=\"https:\/\/aquazept.de\/wp-content\/uploads\/2021\/10\/141-5227.webp 550w, https:\/\/aquazept.de\/wp-content\/uploads\/2021\/10\/141-5227-300x300.webp 300w, https:\/\/aquazept.de\/wp-content\/uploads\/2021\/10\/141-5227-150x150.webp 150w, https:\/\/aquazept.de\/wp-content\/uploads\/2021\/10\/141-5227-100x100.webp 100w\" sizes=\"auto, (max-width: 700px) 100vw, 700px\" \/><\/td><\/tr><tr><td><strong>Bronze<\/strong><img loading=\"lazy\" decoding=\"async\" width=\"150\" height=\"150\" class=\"wp-image-34\" style=\"width: 150px;\" src=\"https:\/\/aquazept.de\/wp-content\/uploads\/2021\/10\/Jugendschwimmabzeichen_bronze.png\" alt=\"\" srcset=\"https:\/\/aquazept.de\/wp-content\/uploads\/2021\/10\/Jugendschwimmabzeichen_bronze.png 309w, https:\/\/aquazept.de\/wp-content\/uploads\/2021\/10\/Jugendschwimmabzeichen_bronze-300x300.png 300w, https:\/\/aquazept.de\/wp-content\/uploads\/2021\/10\/Jugendschwimmabzeichen_bronze-150x150.png 150w, https:\/\/aquazept.de\/wp-content\/uploads\/2021\/10\/Jugendschwimmabzeichen_bronze-100x100.png 100w\" sizes=\"auto, (max-width: 150px) 100vw, 150px\" \/><\/td><td class=\"has-text-align-left\" data-align=\"left\">\u2022Kenntnis von Baderegeln<br>\u2022Sprung kopfw\u00e4rts vom Beckenrand und 15 Minuten Schwimmen. In dieser Zeit sind mindestens 200 m zur\u00fcckzulegen, davon 150 m in Bauch- oder R\u00fcckenlage in einer erkennbaren Schwimmart und 50 m in der anderen K\u00f6rperlage (Wechsel der K\u00f6rperlage w\u00e4hrend des Schwimmens auf der Schwimmbahn ohne Festhalten)<br>\u2022Einmal ca. 2 m Tieftauchen von der Wasseroberfl\u00e4che mit Heraufholen eines kleinen Gegenstandes (z.B. kleiner Tauchring)<br>\u2022&nbsp;&nbsp;Ein Paketsprung vom Startblock oder 1-m-Brett<\/td><td><img loading=\"lazy\" decoding=\"async\" width=\"150\" height=\"150\" class=\"wp-image-94\" style=\"width: 150px;\" src=\"https:\/\/aquazept.de\/wp-content\/uploads\/2021\/10\/pz-1320-schwimmpass02-850x850-1.png\" alt=\"\" srcset=\"https:\/\/aquazept.de\/wp-content\/uploads\/2021\/10\/pz-1320-schwimmpass02-850x850-1.png 850w, https:\/\/aquazept.de\/wp-content\/uploads\/2021\/10\/pz-1320-schwimmpass02-850x850-1-300x300.png 300w, https:\/\/aquazept.de\/wp-content\/uploads\/2021\/10\/pz-1320-schwimmpass02-850x850-1-150x150.png 150w, https:\/\/aquazept.de\/wp-content\/uploads\/2021\/10\/pz-1320-schwimmpass02-850x850-1-768x768.png 768w, https:\/\/aquazept.de\/wp-content\/uploads\/2021\/10\/pz-1320-schwimmpass02-850x850-1-600x600.png 600w, https:\/\/aquazept.de\/wp-content\/uploads\/2021\/10\/pz-1320-schwimmpass02-850x850-1-100x100.png 100w\" sizes=\"auto, (max-width: 150px) 100vw, 150px\" \/><\/td><\/tr><tr><td><strong>Silber<\/strong><img loading=\"lazy\" decoding=\"async\" width=\"150\" height=\"150\" class=\"wp-image-35\" style=\"width: 150px;\" src=\"https:\/\/aquazept.de\/wp-content\/uploads\/2021\/10\/Jugendschwimmabzeichen_silber.png\" alt=\"\" srcset=\"https:\/\/aquazept.de\/wp-content\/uploads\/2021\/10\/Jugendschwimmabzeichen_silber.png 309w, https:\/\/aquazept.de\/wp-content\/uploads\/2021\/10\/Jugendschwimmabzeichen_silber-300x300.png 300w, https:\/\/aquazept.de\/wp-content\/uploads\/2021\/10\/Jugendschwimmabzeichen_silber-150x150.png 150w, https:\/\/aquazept.de\/wp-content\/uploads\/2021\/10\/Jugendschwimmabzeichen_silber-100x100.png 100w\" sizes=\"auto, (max-width: 150px) 100vw, 150px\" \/><\/td><td class=\"has-text-align-left\" data-align=\"left\">\u2022Kenntnis von Badregeln und Verhalten zur Selbstrettung (z. B. Verhalten bei Ersch\u00f6pfung, L\u00f6sen von Kr\u00e4mpfen)&nbsp;<br>\u2022Sprung kopfw\u00e4rts vom Beckenrand und 20 Minuten Schwimmen. In dieser Zeit sind mindestens 400 m zur\u00fcckzulegen, davon 300 m in Bauch- oder R\u00fcckenlage, in einer erkennbaren Schwimmart und 100 m in der anderen K\u00f6rperlage (Wechsel der K\u00f6rperlage w\u00e4hrend des Schwimmens auf der Schwimmbahn ohne Festhalten)<br>\u2022Zweimal ca. 2 m Tieftauchen von der Wasseroberfl\u00e4che mit Heraufholen je eines kleinen Gegenstandes (z.B. kleinen Tauchringen)<br>\u202210 m Streckentauchen mit Absto\u00dfen vom Beckenrand im Wasser<br>\u2022&nbsp;&nbsp;Ein Sprung aus 3 m H\u00f6he oder 2 verschiedene Spr\u00fcnge aus 1 m H\u00f6he<\/td><td><img loading=\"lazy\" decoding=\"async\" width=\"150\" height=\"150\" class=\"wp-image-94\" style=\"width: 150px;\" src=\"https:\/\/aquazept.de\/wp-content\/uploads\/2021\/10\/pz-1320-schwimmpass02-850x850-1.png\" alt=\"\" srcset=\"https:\/\/aquazept.de\/wp-content\/uploads\/2021\/10\/pz-1320-schwimmpass02-850x850-1.png 850w, https:\/\/aquazept.de\/wp-content\/uploads\/2021\/10\/pz-1320-schwimmpass02-850x850-1-300x300.png 300w, https:\/\/aquazept.de\/wp-content\/uploads\/2021\/10\/pz-1320-schwimmpass02-850x850-1-150x150.png 150w, https:\/\/aquazept.de\/wp-content\/uploads\/2021\/10\/pz-1320-schwimmpass02-850x850-1-768x768.png 768w, https:\/\/aquazept.de\/wp-content\/uploads\/2021\/10\/pz-1320-schwimmpass02-850x850-1-600x600.png 600w, https:\/\/aquazept.de\/wp-content\/uploads\/2021\/10\/pz-1320-schwimmpass02-850x850-1-100x100.png 100w\" sizes=\"auto, (max-width: 150px) 100vw, 150px\" \/><\/td><\/tr><tr><td><strong>Gold<\/strong><img loading=\"lazy\" decoding=\"async\" width=\"150\" height=\"150\" class=\"wp-image-39\" style=\"width: 150px;\" src=\"https:\/\/aquazept.de\/wp-content\/uploads\/2021\/10\/unnamed.gif\" alt=\"\"><\/td><td class=\"has-text-align-left\" data-align=\"left\">\u2022Kenntnis der Baderegeln-&nbsp;Hilfe bei Bade- Boots und Eisunf\u00e4llen (Selbstrettung und einfache Fremdrettung)<br>\u2022Sprung kopfw\u00e4rts vom Beckenrand und 30 Min. Schwimmen. In dieser Zeit sind mindestens 800 m zur\u00fcckzulegen, davon 650 m in Bauch- oder R\u00fccken-lage in einer erkennbaren Schwimmart und 150 m in der anderen K\u00f6rperlage (Wechsel der K\u00f6rperlage w\u00e4hrend des Schwimmens auf der Schwimmbahn ohne Festhalten)<br>\u2022Startsprung und 25 m Kraulschwimmen.- Startsprung und 50 m Brustschwimmen in h\u00f6chstens 1:15 Minuten.- 50 m R\u00fcckenschwimmen mit Gr\u00e4tschschwung ohne Armt\u00e4tigkeit oder R\u00fccken-kraulschwimmen<br>\u202210 m Streckentauchen aus der Schwimmlage (ohne Absto\u00dfen vom Beckenrand)<br>\u202215 m Streckentauchen&nbsp;<br>\u2022Tieftauchen von der Wasseroberfl\u00e4che mit Heraufholen von drei kleinen Gegenst\u00e4nden (z.B. kleinen Tauchringen) aus einer Wassertiefe von etwa zwei Metern innerhalb von 3 Minuten mit h\u00f6chstens 3 Tauchversuchen<br>\u2022ein Sprung aus 3 m H\u00f6he oder 2 verschiedene Spr\u00fcnge aus 1 m H\u00f6he<br>\u202250 m Transportschwimmen: Schieben oder Ziehen<\/td><td><img loading=\"lazy\" decoding=\"async\" width=\"150\" height=\"150\" class=\"wp-image-94\" style=\"width: 150px;\" src=\"https:\/\/aquazept.de\/wp-content\/uploads\/2021\/10\/pz-1320-schwimmpass02-850x850-1.png\" alt=\"\" srcset=\"https:\/\/aquazept.de\/wp-content\/uploads\/2021\/10\/pz-1320-schwimmpass02-850x850-1.png 850w, https:\/\/aquazept.de\/wp-content\/uploads\/2021\/10\/pz-1320-schwimmpass02-850x850-1-300x300.png 300w, https:\/\/aquazept.de\/wp-content\/uploads\/2021\/10\/pz-1320-schwimmpass02-850x850-1-150x150.png 150w, https:\/\/aquazept.de\/wp-content\/uploads\/2021\/10\/pz-1320-schwimmpass02-850x850-1-768x768.png 768w, https:\/\/aquazept.de\/wp-content\/uploads\/2021\/10\/pz-1320-schwimmpass02-850x850-1-600x600.png 600w, https:\/\/aquazept.de\/wp-content\/uploads\/2021\/10\/pz-1320-schwimmpass02-850x850-1-100x100.png 100w\" sizes=\"auto, (max-width: 150px) 100vw, 150px\" \/><\/td><\/tr><tr><td><strong>Totenkopf Schwarz<\/strong><img loading=\"lazy\" decoding=\"async\" width=\"150\" height=\"150\" class=\"wp-image-41\" style=\"width: 150px;\" src=\"https:\/\/aquazept.de\/wp-content\/uploads\/2021\/10\/images.jpeg\" alt=\"\" srcset=\"https:\/\/aquazept.de\/wp-content\/uploads\/2021\/10\/images.jpeg 225w, https:\/\/aquazept.de\/wp-content\/uploads\/2021\/10\/images-150x150.jpeg 150w, https:\/\/aquazept.de\/wp-content\/uploads\/2021\/10\/images-100x100.jpeg 100w\" sizes=\"auto, (max-width: 150px) 100vw, 150px\" \/><\/td><td class=\"has-text-align-left\" data-align=\"left\">Totenkopfschwimmen in Schwarz<br>1 Stunde Schwimmen<\/td><td><img loading=\"lazy\" decoding=\"async\" width=\"150\" height=\"150\" class=\"wp-image-96\" style=\"width: 150px;\" src=\"https:\/\/aquazept.de\/wp-content\/uploads\/2021\/10\/pz-2300-urkunde-stundenschwimmer-farbig-850x850-1.png\" alt=\"\" srcset=\"https:\/\/aquazept.de\/wp-content\/uploads\/2021\/10\/pz-2300-urkunde-stundenschwimmer-farbig-850x850-1.png 850w, https:\/\/aquazept.de\/wp-content\/uploads\/2021\/10\/pz-2300-urkunde-stundenschwimmer-farbig-850x850-1-300x300.png 300w, https:\/\/aquazept.de\/wp-content\/uploads\/2021\/10\/pz-2300-urkunde-stundenschwimmer-farbig-850x850-1-150x150.png 150w, https:\/\/aquazept.de\/wp-content\/uploads\/2021\/10\/pz-2300-urkunde-stundenschwimmer-farbig-850x850-1-768x768.png 768w, https:\/\/aquazept.de\/wp-content\/uploads\/2021\/10\/pz-2300-urkunde-stundenschwimmer-farbig-850x850-1-600x600.png 600w, https:\/\/aquazept.de\/wp-content\/uploads\/2021\/10\/pz-2300-urkunde-stundenschwimmer-farbig-850x850-1-100x100.png 100w\" sizes=\"auto, (max-width: 150px) 100vw, 150px\" \/><\/td><\/tr><tr><td><strong>Totenkopf Silber<\/strong><img loading=\"lazy\" decoding=\"async\" width=\"150\" height=\"155\" class=\"wp-image-43\" style=\"width: 150px;\" src=\"https:\/\/aquazept.de\/wp-content\/uploads\/2021\/10\/images-1.jpeg\" alt=\"\"><\/td><td class=\"has-text-align-left\" data-align=\"left\">Totenkopfschwimmen in Silber<br>1,5 Stunde Schwimmen<\/td><td><img loading=\"lazy\" decoding=\"async\" width=\"150\" height=\"150\" class=\"wp-image-96\" style=\"width: 150px;\" src=\"https:\/\/aquazept.de\/wp-content\/uploads\/2021\/10\/pz-2300-urkunde-stundenschwimmer-farbig-850x850-1.png\" alt=\"\" srcset=\"https:\/\/aquazept.de\/wp-content\/uploads\/2021\/10\/pz-2300-urkunde-stundenschwimmer-farbig-850x850-1.png 850w, https:\/\/aquazept.de\/wp-content\/uploads\/2021\/10\/pz-2300-urkunde-stundenschwimmer-farbig-850x850-1-300x300.png 300w, https:\/\/aquazept.de\/wp-content\/uploads\/2021\/10\/pz-2300-urkunde-stundenschwimmer-farbig-850x850-1-150x150.png 150w, https:\/\/aquazept.de\/wp-content\/uploads\/2021\/10\/pz-2300-urkunde-stundenschwimmer-farbig-850x850-1-768x768.png 768w, https:\/\/aquazept.de\/wp-content\/uploads\/2021\/10\/pz-2300-urkunde-stundenschwimmer-farbig-850x850-1-600x600.png 600w, https:\/\/aquazept.de\/wp-content\/uploads\/2021\/10\/pz-2300-urkunde-stundenschwimmer-farbig-850x850-1-100x100.png 100w\" sizes=\"auto, (max-width: 150px) 100vw, 150px\" \/><\/td><\/tr><tr><td><strong>Totenkopf Gold<\/strong><img loading=\"lazy\" decoding=\"async\" width=\"150\" height=\"150\" class=\"wp-image-42\" style=\"width: 150px;\" src=\"https:\/\/aquazept.de\/wp-content\/uploads\/2021\/10\/images-2.jpeg\" alt=\"\" srcset=\"https:\/\/aquazept.de\/wp-content\/uploads\/2021\/10\/images-2.jpeg 225w, https:\/\/aquazept.de\/wp-content\/uploads\/2021\/10\/images-2-150x150.jpeg 150w, https:\/\/aquazept.de\/wp-content\/uploads\/2021\/10\/images-2-100x100.jpeg 100w\" sizes=\"auto, (max-width: 150px) 100vw, 150px\" \/><\/td><td class=\"has-text-align-left\" data-align=\"left\">Totenkopfschwimmen in Gold<br>2 Stunde Schwimmen<\/td><td><img loading=\"lazy\" decoding=\"async\" width=\"150\" height=\"150\" class=\"wp-image-96\" style=\"width: 150px;\" src=\"https:\/\/aquazept.de\/wp-content\/uploads\/2021\/10\/pz-2300-urkunde-stundenschwimmer-farbig-850x850-1.png\" alt=\"\" srcset=\"https:\/\/aquazept.de\/wp-content\/uploads\/2021\/10\/pz-2300-urkunde-stundenschwimmer-farbig-850x850-1.png 850w, https:\/\/aquazept.de\/wp-content\/uploads\/2021\/10\/pz-2300-urkunde-stundenschwimmer-farbig-850x850-1-300x300.png 300w, https:\/\/aquazept.de\/wp-content\/uploads\/2021\/10\/pz-2300-urkunde-stundenschwimmer-farbig-850x850-1-150x150.png 150w, https:\/\/aquazept.de\/wp-content\/uploads\/2021\/10\/pz-2300-urkunde-stundenschwimmer-farbig-850x850-1-768x768.png 768w, https:\/\/aquazept.de\/wp-content\/uploads\/2021\/10\/pz-2300-urkunde-stundenschwimmer-farbig-850x850-1-600x600.png 600w, https:\/\/aquazept.de\/wp-content\/uploads\/2021\/10\/pz-2300-urkunde-stundenschwimmer-farbig-850x850-1-100x100.png 100w\" sizes=\"auto, (max-width: 150px) 100vw, 150px\" \/><\/td><\/tr><tr><td><strong>Frosch<\/strong><img loading=\"lazy\" decoding=\"async\" width=\"150\" height=\"150\" class=\"wp-image-40\" style=\"width: 150px;\" src=\"https:\/\/aquazept.de\/wp-content\/uploads\/2021\/10\/Froschabzeichen.png.webp\" alt=\"\" srcset=\"https:\/\/aquazept.de\/wp-content\/uploads\/2021\/10\/Froschabzeichen.png.webp 2000w, https:\/\/aquazept.de\/wp-content\/uploads\/2021\/10\/Froschabzeichen.png-300x300.webp 300w, https:\/\/aquazept.de\/wp-content\/uploads\/2021\/10\/Froschabzeichen.png-1024x1024.webp 1024w, https:\/\/aquazept.de\/wp-content\/uploads\/2021\/10\/Froschabzeichen.png-150x150.webp 150w, https:\/\/aquazept.de\/wp-content\/uploads\/2021\/10\/Froschabzeichen.png-768x768.webp 768w, https:\/\/aquazept.de\/wp-content\/uploads\/2021\/10\/Froschabzeichen.png-1536x1536.webp 1536w, https:\/\/aquazept.de\/wp-content\/uploads\/2021\/10\/Froschabzeichen.png-600x600.webp 600w, https:\/\/aquazept.de\/wp-content\/uploads\/2021\/10\/Froschabzeichen.png-100x100.webp 100w\" sizes=\"auto, (max-width: 150px) 100vw, 150px\" \/><\/td><td class=\"has-text-align-left\" data-align=\"left\">individualisierbar<\/td><td><img loading=\"lazy\" decoding=\"async\" width=\"150\" height=\"204\" class=\"wp-image-95\" style=\"width: 150px;\" src=\"https:\/\/aquazept.de\/wp-content\/uploads\/2021\/10\/frosch-urkunde-bavchem.jpg\" alt=\"\" srcset=\"https:\/\/aquazept.de\/wp-content\/uploads\/2021\/10\/frosch-urkunde-bavchem.jpg 416w, https:\/\/aquazept.de\/wp-content\/uploads\/2021\/10\/frosch-urkunde-bavchem-221x300.jpg 221w\" sizes=\"auto, (max-width: 150px) 100vw, 150px\" \/><\/td><\/tr><\/tbody><\/table><\/figure>\n<\/div><\/div>\n<\/div><\/div>\n","protected":false},"excerpt":{"rendered":"<p>Ab dem 1.1.2020 neue Pr\u00fcfungsordnung f\u00fcr Seepferdchen, Bronze, Silber, Gold Auf der Kultusministerkonferenz der L\u00e4nder wurden einige Neuerungen im Bezug auf die\u00a0Deutsche Pr\u00fcfungsordnung Schwimmen\u00a0verabschiedet, die am 1. Januar 2020 in Kraft getreten sind. Seepferdchen \u2022Sprung vom Beckenrand mit anschlie\u00dfendem 25 m Schwimmen in einer Schwimmart in Bauch- oder R\u00fcckenlage (Grobform, w\u00e4hrend des Schwimmens in Bauchlage [&hellip;]<\/p>\n","protected":false},"author":1,"featured_media":0,"parent":0,"menu_order":0,"comment_status":"closed","ping_status":"closed","template":"","meta":{"footnotes":""},"class_list":["post-18","page","type-page","status-publish","hentry"],"_links":{"self":[{"href":"https:\/\/aquazept.de\/index.php?rest_route=\/wp\/v2\/pages\/18","targetHints":{"allow":["GET"]}}],"collection":[{"href":"https:\/\/aquazept.de\/index.php?rest_route=\/wp\/v2\/pages"}],"about":[{"href":"https:\/\/aquazept.de\/index.php?rest_route=\/wp\/v2\/types\/page"}],"author":[{"embeddable":true,"href":"https:\/\/aquazept.de\/index.php?rest_route=\/wp\/v2\/users\/1"}],"replies":[{"embeddable":true,"href":"https:\/\/aquazept.de\/index.php?rest_route=%2Fwp%2Fv2%2Fcomments&post=18"}],"version-history":[{"count":5,"href":"https:\/\/aquazept.de\/index.php?rest_route=\/wp\/v2\/pages\/18\/revisions"}],"predecessor-version":[{"id":97,"href":"https:\/\/aquazept.de\/index.php?rest_route=\/wp\/v2\/pages\/18\/revisions\/97"}],"wp:attachment":[{"href":"https:\/\/aquazept.de\/index.php?rest_route=%2Fwp%2Fv2%2Fmedia&parent=18"}],"curies":[{"name":"wp","href":"https:\/\/api.w.org\/{rel}","templated":true}]}}